{"id":104,"date":"2025-05-27T09:46:49","date_gmt":"2025-05-27T09:46:49","guid":{"rendered":"https:\/\/heart-art-ukraine.com\/?page_id=104"},"modified":"2025-06-03T16:31:33","modified_gmt":"2025-06-03T16:31:33","slug":"vereinsstatuten","status":"publish","type":"page","link":"https:\/\/heart-art-ukraine.com\/de\/vereinsstatuten\/","title":{"rendered":"Vereinsstatuten"},"content":{"rendered":"<p>[et_pb_section fb_built=&#8221;1&#8243; theme_builder_area=&#8221;post_content&#8221; _builder_version=&#8221;4.27.4&#8243; _module_preset=&#8221;default&#8221;][et_pb_row _builder_version=&#8221;4.27.4&#8243; _module_preset=&#8221;default&#8221; theme_builder_area=&#8221;post_content&#8221;][et_pb_column _builder_version=&#8221;4.27.4&#8243; _module_preset=&#8221;default&#8221; type=&#8221;4_4&#8243; theme_builder_area=&#8221;post_content&#8221;][et_pb_text _builder_version=&#8221;4.27.4&#8243; _module_preset=&#8221;default&#8221; theme_builder_area=&#8221;post_content&#8221; hover_enabled=&#8221;0&#8243; sticky_enabled=&#8221;0&#8243;]<\/p>\n<h1 class=\"p1\"><b>VEREINSSTATUTEN HEART &amp; ART UKRAINE<\/b><\/h1>\n<p>[\/et_pb_text][et_pb_text _builder_version=&#8221;4.27.4&#8243; _module_preset=&#8221;default&#8221; theme_builder_area=&#8221;post_content&#8221; hover_enabled=&#8221;0&#8243; sticky_enabled=&#8221;0&#8243;]<\/p>\n<p class=\"p1\"><b>1. Name und Sitz<\/b><\/p>\n<p class=\"p2\">\n<p class=\"p1\">Unter dem Namen \u00abHeart &amp; Art Ukraine\u00bb besteht ein nicht gewinnorientierter Verein im Sinne von Art. 60 ff. des Schweizerischen Zivilgesetzbuches (ZGB) mit Sitz in Z\u00fcrich. Der Verein besteht auf unbeschr\u00e4nkte Dauer.<\/p>\n<p class=\"p2\"><b><\/b><\/p>\n<p class=\"p1\"><b>2. Zweck<\/b><\/p>\n<p class=\"p2\">\n<p class=\"p1\">Der Verein bezweckt<\/p>\n<p class=\"p1\">a) Initiativen, Projekte und dergleichen im Bereich Gesundheit und Bildung in der Schweiz und\/oder in Polen, in der Ukraine resp. in weiteren Krisengebieten zu f\u00f6rdern und unterst\u00fctzen;<br \/>b) Gesundheitszentren, Therapien und Schulen insbesondere in Polen, in der Ukraine und gegebenenfalls in weiteren Krisengebieten zu f\u00f6rdern und unterst\u00fctzen;<br \/>c) den Zugang von Fl\u00fcchtlingen zu medizinischer Versorgung, Medikamenten, Therapien und Bildung in der Schweiz und\/oder in Polen, in der Ukraine resp. in weiteren Krisengebieten zu f\u00f6rdern und unterst\u00fctzen;<br \/>d) die Vermittlung von Bildung, Traumatherapie und medizinischer Hilfe in der Schweiz und\/oder in Polen, in der Ukraine, resp. in weiteren Krisengebieten zu f\u00f6rdern und unterst\u00fctzen.<\/p>\n<p class=\"p1\">Der Verein verfolgt keine kommerziellen Zwecke und erstrebt keinen Gewinn. Die Organe sind ehrenamtlich t\u00e4tig.<\/p>\n<p class=\"p2\"><b><\/b><\/p>\n<p class=\"p1\"><b>3. Mittel<\/b><\/p>\n<p class=\"p2\">\n<p class=\"p1\">Zur Verfolgung des Vereinszweckes verf\u00fcgt der Verein \u00fcber folgende Mittel:<br \/>a) Mitgliederbeitr\u00e4ge;<br \/>b) Erl\u00f6s aus Vereinsaktivit\u00e4ten (z.B. Lunches);<br \/>c) Spenden und Zuwendungen aller Art;<br \/>d) gegebenenfalls Subventionen von \u00f6ffentlichen Stellen.<\/p>\n<p class=\"p2\"><b><\/b><\/p>\n<p class=\"p1\"><b>4. Gesch\u00e4ftsjahr<\/b><\/p>\n<p class=\"p1\">Das Gesch\u00e4ftsjahr beginnt jeweils am 1. Januar und endet am 31. Dezember. Das erste Gesch\u00e4ftsjahr beginnt mit der Gr\u00fcndung des Vereins und endet am 31.12. 2026.<\/p>\n<p class=\"p2\"><b><\/b><\/p>\n<p class=\"p1\"><b>5. Mitgliedschaft<\/b><\/p>\n<p class=\"p2\">\n<p class=\"p1\">Mitglieder k\u00f6nnen nat\u00fcrliche und juristische Personen werden, die den Vereinszweck unterst\u00fctzen.<\/p>\n<p class=\"p1\">Aufnahmegesuche sind an den Vorstand zu richten. Der Vorstand entscheidet \u00fcber die Aufnahme neuer Mitglieder.<\/p>\n<p class=\"p1\">Der Mitgliederbeitrag betr\u00e4gt CHF 1\u2019000 pro Kalenderjahr. F\u00fcr das angebrochene Jahr ist der volle Mitgliederbeitrag zu bezahlen.<\/p>\n<p class=\"p2\"><b><\/b><\/p>\n<p class=\"p1\"><b>6. Austritt und Ausschluss aus Verein, Beendigung der Vereinsmitgliedschaft<\/b><\/p>\n<p class=\"p2\">\n<p class=\"p1\">Der Vereinsaustritt ist jeweils per 31. Dezember m\u00f6glich. Das Austrittsschreiben muss sp\u00e4testens bis zum 30. November beim Vorstand eingegangen sein.<\/p>\n<p class=\"p1\">Ein Mitglied kann jederzeit ohne Angabe von Gr\u00fcnden aus dem Verein ausgeschlossen werden. Der Vorstand f\u00e4llt den Ausschlussentscheid; das Mitglied kann den Ausschlussentscheid an die Vereinsversammlung weiterziehen, welche endg\u00fcltig entscheidet.<\/p>\n<p class=\"p1\">Die Mitgliedschaft erlischt automatisch<br \/>a) bei nat\u00fcrlichen Personen durch Austritt, Ausschluss oder Tod;<br \/>b) bei juristischen Personen durch Austritt, Ausschluss oder Aufl\u00f6sung der juristischen Person.<\/p>\n<p class=\"p2\">\n<p class=\"p1\"><b>7. Organe des Vereins<\/b><\/p>\n<p class=\"p2\">\n<p class=\"p1\">Die Organe des Vereins sind:<br \/>a) die Vereinsversammlung;<br \/>b) der Vorstand.<\/p>\n<p class=\"p2\"><b><\/b><\/p>\n<p class=\"p1\"><b>8. Die Vereinsversammlung<\/b><\/p>\n<p class=\"p2\">\n<p class=\"p1\">Die Vereinsversammlung bildet das oberste Organ des Vereins. Sie besteht aus allen Mitgliedern des Vereins. Eine ordentliche Vereinsversammlung findet einmal j\u00e4hrlich nach Einberufung durch den Vorstand statt.<\/p>\n<p class=\"p1\">Die Vereinsversammlung wird vom Vorstand mindestens 14 Tagen im Voraus unter Angabe der Traktanden einberufen. Einladungen per E-Mail sind zul\u00e4ssig.<\/p>\n<p class=\"p1\">Traktandierungsantr\u00e4ge von Mitgliedern zuhanden der Vereinsversammlung m\u00fcssen bis sp\u00e4testens 20 Tage vor der Vereinsversammlung bei dem Pr\u00e4sidenten\/der Pr\u00e4sidentin eingetroffen sein.<\/p>\n<p class=\"p1\">Der Vorstand oder 1\/5 der Mitglieder k\u00f6nnen jederzeit die Einberufung einer ausserordentlichen Vereinsversammlung unter Angaben des Zwecks verlangen.<\/p>\n<p class=\"p1\">Die Vereinsversammlung hat folgende unentziehbare Aufgaben und Kompetenzen:<br \/>a) Genehmigung des Protokolls der letzten Vereinsversammlung;<br \/>b) Genehmigung des Jahresberichts des Vorstands;<br \/>c) Genehmigung der Jahresrechnung;<br \/>d) Entlastung des Vorstandes;<br \/>e) Wahl des Pr\u00e4sidenten\/der Pr\u00e4sidentin und der \u00fcbrigen Vorstandsmitglieder;<br \/>f) Kenntnisnahme des Jahresbudgets;<br \/>g) Kenntnisnahme des T\u00e4tigkeitsprogramms;<br \/>h) \u00c4nderung der Statuten;<br \/>i) Entscheid \u00fcber angefochtene Vorstandsbeschl\u00fcsse betreffend Ausschluss von Mitgliedern;<br \/>j) Entscheid \u00fcber die Aufl\u00f6sung des Vereins und die Verwendung des Liquidationserl\u00f6ses.<\/p>\n<p class=\"p1\">Eine Vereinsversammlung kann mit Telefonkonferenz, Videokonferenz oder vergleichbaren technologischen Einrichtungen abgehalten werden.<\/p>\n<p class=\"p1\">Jede ordnungsgem\u00e4ss einberufene Vereinsversammlung ist unabh\u00e4ngig von der Anzahl der anwesenden Mitglieder beschlussf\u00e4hig.<\/p>\n<p class=\"p1\">Die Mitglieder fassen die Beschl\u00fcsse mit dem einfachen Mehr der anwesenden Mitglieder. Bei Stimmengleichheit f\u00e4llt der Pr\u00e4sident\/die Pr\u00e4sidentin den Stichentscheid.<\/p>\n<p class=\"p1\">\u00dcber die gefassten Beschl\u00fcsse ist ein Beschlussprotokoll abzufassen.<\/p>\n<p class=\"p2\"><b><\/b><\/p>\n<p class=\"p1\"><b>9. Der Vorstand<\/b><\/p>\n<p class=\"p2\">\n<p class=\"p1\">Der Vorstand besteht aus mindestens zwei Personen.<\/p>\n<p class=\"p1\">Im Vorstand sind folgende Ressorts vertreten:<\/p>\n<p class=\"p1\">a) Pr\u00e4sidium;<br \/>b) Vizepr\u00e4sidium;<br \/>c) Sekretariat.<\/p>\n<p class=\"p1\">\u00c4mterkumulation ist m\u00f6glich. Der Vorstand konstituiert sich mit Ausnahme des Pr\u00e4sidiums selber. Die Amtszeit betr\u00e4gt drei Jahre. Wiederwahl ist m\u00f6glich.<\/p>\n<p class=\"p1\">Der Vorstand f\u00fchrt die laufenden Gesch\u00e4fte und vertritt den Verein nach aussen.<\/p>\n<p class=\"p1\">Der Vorstand verf\u00fcgt \u00fcber alle Kompetenzen, die nicht von Gesetzes wegen oder gem\u00e4ss diesen Statuten einem anderen Organ \u00fcbertragen sind. Er kann Reglemente erlassen und Arbeitsgruppen (Fachgruppen) einsetzen.<\/p>\n<p class=\"p1\">Er kann f\u00fcr die Erreichung der Vereinsziele Personen gegen eine angemessene Entsch\u00e4digung anstellen oder beauftragen. Eine Kumulation mit einer Vorstandsfunktion ist nicht zul\u00e4ssig.<\/p>\n<p class=\"p1\">Der Vorstand versammelt sich, so oft es die Gesch\u00e4fte verlangen. Jedes Vorstandsmitglied kann unter Angabe der Gr\u00fcnde die Einberufung einer Sitzung verlangen.<\/p>\n<p class=\"p1\">Sofern kein Vorstandsmitglied m\u00fcndliche Beratung verlangt, ist die Beschlussfassung auf dem Zirkularweg (auch E-Mail) sowie per Telefonkonferenz, Videokonferenz oder anderen vergleichbaren technologischen Einrichtungen g\u00fcltig.<\/p>\n<p class=\"p1\">Der Vorstand ist ehrenamtlich t\u00e4tig, er hat Anrecht auf Verg\u00fctung der effektiven Spesen.<\/p>\n<p class=\"p2\">\n<p class=\"p1\"><b>10. Zeichnungsberechtigung<\/b><\/p>\n<p class=\"p2\">\n<p class=\"p1\">Jedes Vorstandsmitglied hat Kollektivunterschrift zu zweien f\u00fcr den Verein.<\/p>\n<p class=\"p2\">\n<p class=\"p1\"><b>11. Haftung<\/b><\/p>\n<p class=\"p2\"><b><\/b><\/p>\n<p class=\"p1\">F\u00fcr Verbindlichkeiten des Vereins haftet nur das Vereinsverm\u00f6gen. Eine pers\u00f6nliche Haftung der Mitglieder ist ausgeschlossen.<\/p>\n<p class=\"p2\">\n<p class=\"p1\"><b>12. Aufl\u00f6sung des Vereins<\/b><\/p>\n<p class=\"p2\"><b><\/b><\/p>\n<p class=\"p1\">Die Aufl\u00f6sung des Vereins wird von der Vereinsversammlung beschlossen und erfordert eine Zweidrittelmehrheit der anwesenden Mitglieder.<\/p>\n<p class=\"p1\">Eine Fusion kann nur mit einer anderen wegen Gemeinn\u00fctzigkeit oder \u00f6ffentlichen Zwecks von der Steuerpflicht befreiten juristischen Person mit Sitz in der Schweiz erfolgen. im Falle einer Aufl\u00f6sung werden Gewinn und Kapital einer anderen wegen Gemeinn\u00fctzigkeit oder \u00f6ffentlichen Zwecks steuerbefreiten juristischen Person mit Sitz in der Schweiz zugewendet. Die Verteilung des Vereinsverm\u00f6gens unter die Mitglieder ist ausgeschlossen. Diese Regelung ist unwiderruflich.<\/p>\n<p class=\"p2\">\n<p class=\"p1\"><b>13. Inkrafttreten<\/b><\/p>\n<p class=\"p2\"><b><\/b><\/p>\n<p class=\"p1\">Diese Statuten wurden an der Gr\u00fcndungsversammlung vom 7. Mai 2025 angenommen und sie sind mit diesem Datum in Kraft getreten.<\/p>\n<p class=\"p1\">Z\u00fcrich, 7. Mai 2025<\/p>\n<p>[\/et_pb_text][\/et_pb_column][\/et_pb_row][\/et_pb_section]<\/p>\n","protected":false},"excerpt":{"rendered":"<p>VEREINSSTATUTEN HEART &amp; ART UKRAINE1. Name und Sitz Unter dem Namen \u00abHeart &amp; Art Ukraine\u00bb besteht ein nicht gewinnorientierter Verein im Sinne von Art. 60 ff. des Schweizerischen Zivilgesetzbuches (ZGB) mit Sitz in Z\u00fcrich. Der Verein besteht auf unbeschr\u00e4nkte Dauer. 2. Zweck Der Verein bezweckt a) Initiativen, Projekte und dergleichen im Bereich Gesundheit und Bildung [&hellip;]<\/p>\n","protected":false},"author":1,"featured_media":0,"parent":0,"menu_order":0,"comment_status":"closed","ping_status":"closed","template":"","meta":{"_et_pb_use_builder":"on","_et_pb_old_content":"<!-- wp:divi\/placeholder \/-->","_et_gb_content_width":"","footnotes":""},"class_list":["post-104","page","type-page","status-publish","hentry"],"_links":{"self":[{"href":"https:\/\/heart-art-ukraine.com\/de\/wp-json\/wp\/v2\/pages\/104","targetHints":{"allow":["GET"]}}],"collection":[{"href":"https:\/\/heart-art-ukraine.com\/de\/wp-json\/wp\/v2\/pages"}],"about":[{"href":"https:\/\/heart-art-ukraine.com\/de\/wp-json\/wp\/v2\/types\/page"}],"author":[{"embeddable":true,"href":"https:\/\/heart-art-ukraine.com\/de\/wp-json\/wp\/v2\/users\/1"}],"replies":[{"embeddable":true,"href":"https:\/\/heart-art-ukraine.com\/de\/wp-json\/wp\/v2\/comments?post=104"}],"version-history":[{"count":3,"href":"https:\/\/heart-art-ukraine.com\/de\/wp-json\/wp\/v2\/pages\/104\/revisions"}],"predecessor-version":[{"id":227,"href":"https:\/\/heart-art-ukraine.com\/de\/wp-json\/wp\/v2\/pages\/104\/revisions\/227"}],"wp:attachment":[{"href":"https:\/\/heart-art-ukraine.com\/de\/wp-json\/wp\/v2\/media?parent=104"}],"curies":[{"name":"wp","href":"https:\/\/api.w.org\/{rel}","templated":true}]}}